{"id":264,"date":"2018-11-20T22:35:37","date_gmt":"2018-11-20T22:35:37","guid":{"rendered":"http:\/\/npbanja.rs\/?page_id=264"},"modified":"2018-11-20T23:20:51","modified_gmt":"2018-11-20T23:20:51","slug":"o-novopazarskoj-banji","status":"publish","type":"page","link":"https:\/\/npbanja.com\/index.php\/o-novopazarskoj-banji\/","title":{"rendered":"O novopazarskoj banji"},"content":{"rendered":"<p>Novopazarska Banja, kao \u0161to se i iz samog imena mo\u017ee zaklju\u010diti, nalazi se u blizini grada Novog Pazara u Jugozapadnoj Srbiji.\u00a0 U\u0161u\u0161kana je u Novopazarskoj kotlini, me\u0111u severozapadnim padinama mo\u0107ne planine Rogozne. Od glavnog grada na\u0161e zemlje udaljena je dalekih 280 kilometara, ali je zato od Novog Pazara svega 3 kilometra. Polo\u017eaj u blizini magistralnog puta Beograd-Novi Pazar-Jadransko more veoma pogoduje njenom razvoju turizma. Zbog velike pose\u0107enosti, autobuske linije svakodnevno saobra\u0107aju od Novog Pazara ka Banji i obrnuto. Njen polo\u017eaj i njena nadmorska visina odre\u0111uju i njenu mikroklimu. S obzirom da se nalazi na \u010dak 504 metara nadmorske visine, \u0161to je direktno svrstava me\u0111u najvi\u0161e banje na\u0161e zemlje, i njena klima ima planinske odlike. Ove faktore dodatno upotpunjuje planina Rogozna u \u010dijem podno\u017eju se banja nalazi.<\/p>\n<p>Klima Novopazarske Banje izuzetno je prijatna \u2013 veoma je mali broj padavina, sun\u010danih dana je dosta, a naleta jakih vetrova skoro i da nema. Zbog svih tih prijatnih faktora kojima se odlikuje njena klima, mnogi je svrstavaju i u klimatsko le\u010dili\u0161te. Njena istorija se\u017ee jo\u0161 u davno anti\u010dko doba, ali je kroz sve vekove imala kako svoje uspehe u razvoju tako i stagnacije. Naime, u srednjem veku, Novopazarska banja, bogata manastirima i anti\u010dkim kupatilima bila je \u010duveno le\u010dili\u0161te Ra\u0161ke, da bi prvom najezdom Turaka njena popularnost oslabila. Ali koji vek kasnije, i Turci su po\u010deli da uvi\u0111aju blagodeti ovih prostora i da ih iskori\u0161\u0107avaju\u2026 oni izgra\u0111uju objekte za ugostiteljstvo posetilaca kao i dva Turska kupatila. Ovaj korak obnavlja popularnost Novopazarske Banje, ali samo na kratko, jer kasnih osamdesetih godina sedamanestog veka razaran je Novi Pazar. Njen turizam ponovo o\u017eivljava krajem osamnaestog veka kada se izgra\u0111uje novo kupatilo. Zna\u010dajne prekretnice desile su se i nakon Drugog svetskog rata, a to je podizanje savremenog stacionara kao i izgradnja Zavoda za le\u010denje i rehabilitaciju obolelih od mi\u0161i\u0107nih i neuromi\u0161i\u0107nih bolesti.<\/p>\n<p><img loading=\"lazy\" class=\"alignnone size-medium wp-image-268\" src=\"http:\/\/npbanja.rs\/wp-content\/uploads\/2018\/11\/banja-300x150.jpg\" alt=\"\" width=\"300\" height=\"150\" srcset=\"https:\/\/npbanja.com\/wp-content\/uploads\/2018\/11\/banja-300x150.jpg 300w, https:\/\/npbanja.com\/wp-content\/uploads\/2018\/11\/banja.jpg 600w\" sizes=\"(max-width: 300px) 100vw, 300px\" \/><\/p>\n<p><strong>Mineralni izori u Novopazarskoj Banji<\/strong><\/p>\n<p>Novopazarska Banja ima 14 izvora termomineralne vode. Glavni prirodni izvor daje vodu temperature 54\u00b0C, \u0161to zna\u010di da je re\u010d o hipertermi, izda\u0161nosti oko 1 l\/s, mineralizacije 1,7 g\/l. Izvorska voda se pojavljuje iz fli\u0161nih sedimenata. Pretpostavlja se da se u podzemlju proce\u0111uje du\u017e me\u0111uslojnih pukotina trijaskih kre\u010dnjaka. Voda je karbonatna, sa izvesnim sadr\u017eajem sumpora, gotovo neutralnom reakcijom, azotom koji zapreminski zahvata 70 % i ne\u0161to povi\u0161enim sadr\u017eajem radona, radijuma i urana. Pored prirodnih izvora postoji i ve\u0107i broj hidrogeolo\u0161kih bu\u0161otina.<\/p>\n<p><img loading=\"lazy\" class=\"alignnone size-medium wp-image-269\" src=\"http:\/\/npbanja.rs\/wp-content\/uploads\/2018\/11\/DSC_0332-300x201.jpg\" alt=\"\" width=\"300\" height=\"201\" srcset=\"https:\/\/npbanja.com\/wp-content\/uploads\/2018\/11\/DSC_0332-300x201.jpg 300w, https:\/\/npbanja.com\/wp-content\/uploads\/2018\/11\/DSC_0332-768x514.jpg 768w, https:\/\/npbanja.com\/wp-content\/uploads\/2018\/11\/DSC_0332-1024x685.jpg 1024w, https:\/\/npbanja.com\/wp-content\/uploads\/2018\/11\/DSC_0332-600x402.jpg 600w, https:\/\/npbanja.com\/wp-content\/uploads\/2018\/11\/DSC_0332.jpg 1600w\" sizes=\"(max-width: 300px) 100vw, 300px\" \/><\/p>\n<p>Ova banja specifi\u010dna je po svojim lekovitim izvorima, jer svi poti\u010du iz jedne termalne izdani. I pored toga \u0161to svi njeni izvori poti\u010du iz jedne izdani, sastav njihovih voda se razlikuje. To se de\u0161ava jer se ove vode kre\u0107u u razli\u010ditim pravicma i u svom toku se me\u0161aju sa drugim podzemnim vodama, idu preko razli\u010ditog stenja, te i na izvori\u0161tima bivaju i druga\u010dije temerature i druga\u010dijeg mineralnog sastava. Ukupan broj izvora u ovoj banji iznosi \u010detrnaest a njihove temperature se kre\u0107u od petnaest do pedeset stepeni Celzijusa, \u0161to ih svrstava u hipertermalne vode. Brzina isticanja vode \u2013 izda\u0161nost izvora, iznosi i do pet litara u sekundi \u0161to je odli\u010dno za iskori\u0161\u0107avanje izvora u razne svrhe. \u0160to se ti\u010de sastava vode Novopazarske banje ona se mo\u017ee pohvaliti bogatstvom natrijuma, kalijuma, magnezijuma, kalcijuma, gvo\u017e\u0111a\u2026 Zbog ovog sastava, ali i temperature, ove vode pogoduju za le\u010denje i terapiju mnogih bolesti, poput: ko\u017enih oboljenja, traumatskih stanja, problema sa ki\u010dmom, \u017eenskih ginekolo\u0161kih oboljenja, nekih oblika reumatizma.<\/p>\n<p><strong>Bolesti koje se tretiraju i le\u010de u Novopazarskoj Banji<\/strong><\/p>\n<p><strong><em>\u00a0\u00a0\u00a0\u00a0\u00a0\u00a0\u00a0\u00a0\u00a0\u00a0\u00a0\u00a0<\/em><\/strong>Novopazarska banja, smatra se glavnim centrom za le\u010denje distrofi\u010dara u na\u0161oj zemlji.<strong><em>\u00a0<\/em><\/strong>Terapije se sprovode u Specijalnoj bolnici za le\u010denje mi\u0161i\u0107nih i neuromi\u0161i\u0107nih bolesti \u201eNovopazrska Banja\u201c, koja je 90-ih godina pro\u0161log veka zaslu\u017eila zvani\u010dni status specijalne bolnice. U njoj se nalaze najmodernije aparature koje se koriste u primeni vi\u0161e razli\u010ditih terapija, a lekari i terapeuti koji tu rade jedni su od najstru\u010dnijih u na\u0161oj zemlji. Zbog svih ovih karakteristika Specijalna bolnica za le\u010denje mi\u0161i\u0107nih i neuromi\u0161i\u0107nih bolesti \u201eNovopazarska Banja\u201c svrstava se me\u0111u vode\u0107e rehabilitacione centre u Srbiji. Sme\u0161taj broji 180 le\u017eajeva, a sobe su udobne i lepo ure\u0111ene. Bolesti koje se najvi\u0161e tretiraju i le\u010de u ovoj banji su:<\/p>\n<p>*Neuromi\u0161i\u0107ne bolesti<\/p>\n<p>*Stanja posle mo\u017edanog udara<\/p>\n<p>*Ko\u017ene bolesti<\/p>\n<p>*Razni oblici reumatizma (hroni\u010dni degenerativni, vanzglobni, zapaljivi)<\/p>\n<p>*Problemi sa ki\u010dmom (i\u0161ijas)<\/p>\n<p>*Sportske povrede<\/p>\n<p>*\u017denske ginekolo\u0161ke bolesti (sterilitet, upale)<\/p>\n<p>*Stanja nakon preloma kostiju i nakon hirur\u0161kih intervencija<\/p>\n<p>*Neurolo\u0161ka oboljenja ( neuralgije, oboljenja centralnog ili perifernog nervnog sistema)<\/p>\n<p>Iako je \u0161irok spektar bolesti koje se mogu tretirati u Novopazarskoj banji, i \u010dinjenica je da boravak u ovakvom le\u010dili\u0161tu mo\u017ee prijati i zdravim osobama, postoje i zdravstvena stanja koja su kontraindikovana\u2026 neka od njih su: trudno\u0107a, infektivna oboljenja, maligne neoplazme, veneri\u010dne bolesti, parazitarna oboljenja, akutna oboljenja, tuberkuloza, akutni tromboflebitis, angina pektoris\u2026 Zato bi pre svakog odlaska u bilo koju banju, trebalo da Vas pregleda i posavetuje stru\u010dan lekar koju je upoznat sa Va\u0161om istorijom bolesti.<\/p>\n<p><img loading=\"lazy\" class=\"alignnone size-medium wp-image-271\" src=\"http:\/\/npbanja.rs\/wp-content\/uploads\/2018\/11\/DSC_2277-300x200.jpg\" alt=\"\" width=\"300\" height=\"200\" srcset=\"https:\/\/npbanja.com\/wp-content\/uploads\/2018\/11\/DSC_2277-300x200.jpg 300w, https:\/\/npbanja.com\/wp-content\/uploads\/2018\/11\/DSC_2277-768x511.jpg 768w, https:\/\/npbanja.com\/wp-content\/uploads\/2018\/11\/DSC_2277-600x399.jpg 600w, https:\/\/npbanja.com\/wp-content\/uploads\/2018\/11\/DSC_2277.jpg 800w\" sizes=\"(max-width: 300px) 100vw, 300px\" \/><\/p>\n","protected":false},"excerpt":{"rendered":"<p>Novopazarska Banja, kao \u0161to se i iz samog imena mo\u017ee zaklju\u010diti, nalazi se u blizini grada Novog Pazara u Jugozapadnoj Srbiji.\u00a0 U\u0161u\u0161kana je u Novopazarskoj kotlini, me\u0111u severozapadnim padinama mo\u0107ne planine Rogozne. Od glavnog grada na\u0161e zemlje udaljena je dalekih 280 kilometara, ali je zato od Novog Pazara svega 3 kilometra. Polo\u017eaj u blizini magistralnog [&hellip;]<\/p>\n","protected":false},"author":1,"featured_media":0,"parent":0,"menu_order":0,"comment_status":"closed","ping_status":"closed","template":"","meta":[],"_links":{"self":[{"href":"https:\/\/npbanja.com\/index.php\/wp-json\/wp\/v2\/pages\/264"}],"collection":[{"href":"https:\/\/npbanja.com\/index.php\/wp-json\/wp\/v2\/pages"}],"about":[{"href":"https:\/\/npbanja.com\/index.php\/wp-json\/wp\/v2\/types\/page"}],"author":[{"embeddable":true,"href":"https:\/\/npbanja.com\/index.php\/wp-json\/wp\/v2\/users\/1"}],"replies":[{"embeddable":true,"href":"https:\/\/npbanja.com\/index.php\/wp-json\/wp\/v2\/comments?post=264"}],"version-history":[{"count":5,"href":"https:\/\/npbanja.com\/index.php\/wp-json\/wp\/v2\/pages\/264\/revisions"}],"predecessor-version":[{"id":274,"href":"https:\/\/npbanja.com\/index.php\/wp-json\/wp\/v2\/pages\/264\/revisions\/274"}],"wp:attachment":[{"href":"https:\/\/npbanja.com\/index.php\/wp-json\/wp\/v2\/media?parent=264"}],"curies":[{"name":"wp","href":"https:\/\/api.w.org\/{rel}","templated":true}]}}