{"id":229,"date":"2018-11-20T19:54:05","date_gmt":"2018-11-20T19:54:05","guid":{"rendered":"http:\/\/npbanja.rs\/?page_id=229"},"modified":"2026-03-30T05:24:40","modified_gmt":"2026-03-30T05:24:40","slug":"zavrsni-racun","status":"publish","type":"page","link":"https:\/\/npbanja.com\/index.php\/zavrsni-racun\/","title":{"rendered":"Zavr\u0161ni ra\u010dun"},"content":{"rendered":"<p>Zavr\u0161ni ra\u010dun za 2025.&gt;&gt;&gt;&gt;<a href=\"https:\/\/npbanja.com\/wp-content\/uploads\/2026\/03\/zavrsni-racun-2025.xls\"><span style=\"color: #993366;\">zavr\u0161ni ra\u010dun 2025<\/span><\/a><\/p>\n<p>Zavr\u0161ni ra\u010dun za 2024.&gt;&gt;&gt;&gt;<a href=\"https:\/\/npbanja.com\/wp-content\/uploads\/2025\/05\/Obrazac_ZR_2024_KontrolaF_S2.xls\"><span style=\"color: #993366;\">zavr\u0161ni 2024<\/span><\/a><\/p>\n<p>Zavr\u0161ni ra\u010dun za 2023.&gt;&gt;&gt;&gt;<span style=\"color: #993366;\"><a style=\"color: #993366;\" href=\"https:\/\/npbanja.com\/wp-content\/uploads\/2024\/05\/zavrsni-racun-2023.xls\">zavr\u0161ni 2023<\/a><\/span><\/p>\n<p>Zavr\u0161ni ra\u010dun za 2022.&gt;&gt;&gt;&gt;<a href=\"https:\/\/npbanja.com\/wp-content\/uploads\/2023\/04\/zavrsni-2022.xls\"><span style=\"color: #993366;\">zavr\u0161ni 2022<\/span><\/a><\/p>\n<p>Zavr\u0161ni ra\u010dun za 2021.&gt;&gt;&gt;&gt;<a href=\"https:\/\/npbanja.rs\/wp-content\/uploads\/2022\/04\/zavr\u0161ni-2021.xls\"><span style=\"color: #993366;\">zavr\u0161ni 2021<\/span><\/a><\/p>\n<p>Zavr\u0161ni ra\u010dun za 2020.&gt;&gt;&gt;&gt;<span style=\"color: #993366;\"><a style=\"color: #993366;\" href=\"https:\/\/npbanja.rs\/wp-content\/uploads\/2021\/04\/zavr\u0161ni-2020.xls\">zavr\u0161ni 2020<\/a><\/span><\/p>\n<p>Zavr\u0161ni ra\u010dun za 2019.&gt;&gt;&gt;&gt;<a href=\"https:\/\/npbanja.rs\/wp-content\/uploads\/2020\/05\/Obrazac_ZR_2019_KontrolaF_Stari-1.xls\"><span style=\"color: #993366;\">Obrazac_ZR_2019_KontrolaF_Stari (1)<\/span><\/a><\/p>\n<p>Zavr\u0161ni ra\u010dun za 2018. &gt;&gt;&gt;&gt;<span style=\"color: #993366;\"><a style=\"color: #993366;\" href=\"https:\/\/npbanja.rs\/wp-content\/uploads\/2019\/04\/ZAVR\u0160NI-2018-1.xls\">ZAVR\u0160NI 2018<\/a><\/span><\/p>\n<p>Zavr\u0161ni ra\u010dun za 2017. &gt;&gt;&gt;&gt;<a href=\"http:\/\/npbanja.rs\/wp-content\/uploads\/2018\/11\/Obrazac_ZR_2017_KontrolaF_StariExcel.xls\"><span style=\"color: #993366;\">Obrazac_ZR_2017_KontrolaF_StariExcel<\/span><\/a><\/p>\n","protected":false},"excerpt":{"rendered":"<p>Zavr\u0161ni ra\u010dun za 2025.&gt;&gt;&gt;&gt;zavr\u0161ni ra\u010dun 2025 Zavr\u0161ni ra\u010dun za 2024.&gt;&gt;&gt;&gt;zavr\u0161ni 2024 Zavr\u0161ni ra\u010dun za 2023.&gt;&gt;&gt;&gt;zavr\u0161ni 2023 Zavr\u0161ni ra\u010dun za 2022.&gt;&gt;&gt;&gt;zavr\u0161ni 2022 Zavr\u0161ni ra\u010dun za 2021.&gt;&gt;&gt;&gt;zavr\u0161ni 2021 Zavr\u0161ni ra\u010dun za 2020.&gt;&gt;&gt;&gt;zavr\u0161ni 2020 Zavr\u0161ni ra\u010dun za 2019.&gt;&gt;&gt;&gt;Obrazac_ZR_2019_KontrolaF_Stari (1) Zavr\u0161ni ra\u010dun za 2018. &gt;&gt;&gt;&gt;ZAVR\u0160NI 2018 Zavr\u0161ni ra\u010dun za 2017. &gt;&gt;&gt;&gt;Obrazac_ZR_2017_KontrolaF_StariExcel<\/p>\n","protected":false},"author":1,"featured_media":0,"parent":0,"menu_order":0,"comment_status":"closed","ping_status":"closed","template":"","meta":[],"_links":{"self":[{"href":"https:\/\/npbanja.com\/index.php\/wp-json\/wp\/v2\/pages\/229"}],"collection":[{"href":"https:\/\/npbanja.com\/index.php\/wp-json\/wp\/v2\/pages"}],"about":[{"href":"https:\/\/npbanja.com\/index.php\/wp-json\/wp\/v2\/types\/page"}],"author":[{"embeddable":true,"href":"https:\/\/npbanja.com\/index.php\/wp-json\/wp\/v2\/users\/1"}],"replies":[{"embeddable":true,"href":"https:\/\/npbanja.com\/index.php\/wp-json\/wp\/v2\/comments?post=229"}],"version-history":[{"count":11,"href":"https:\/\/npbanja.com\/index.php\/wp-json\/wp\/v2\/pages\/229\/revisions"}],"predecessor-version":[{"id":3661,"href":"https:\/\/npbanja.com\/index.php\/wp-json\/wp\/v2\/pages\/229\/revisions\/3661"}],"wp:attachment":[{"href":"https:\/\/npbanja.com\/index.php\/wp-json\/wp\/v2\/media?parent=229"}],"curies":[{"name":"wp","href":"https:\/\/api.w.org\/{rel}","templated":true}]}}