{"id":227,"date":"2018-11-20T19:53:21","date_gmt":"2018-11-20T19:53:21","guid":{"rendered":"http:\/\/npbanja.rs\/?page_id=227"},"modified":"2026-03-30T05:19:23","modified_gmt":"2026-03-30T05:19:23","slug":"izvrsenja-planova-rada","status":"publish","type":"page","link":"https:\/\/npbanja.com\/index.php\/izvrsenja-planova-rada\/","title":{"rendered":"Izvr\u0161enja planova rada"},"content":{"rendered":"<p><strong>Izvr\u0161enje planova rada za 2025.god<\/strong><\/p>\n<p>Preuzmi dokument&gt;&gt;&gt;<a href=\"https:\/\/npbanja.com\/wp-content\/uploads\/2026\/03\/Planske_tabele_za_izvrsenje_4_kvartal_bolnice_2025.xlsx\"><span style=\"color: #993366;\">Planske_tabele_za_izvr\u0161enje_4_kvartal_bolnice_2025<\/span><\/a><\/p>\n<p><strong>Izvr\u0161enje planova rada za 2024.god<\/strong><\/p>\n<p>Preuzmi dokument&gt;&gt;&gt;<a href=\"https:\/\/npbanja.com\/wp-content\/uploads\/2025\/05\/Planske_tabele_za_bolnice_-januar-decembar-2024.xlsx\"><span style=\"color: #993366;\">Planske_tabele_za_bolnice_ januar &#8211; decembar 2024<\/span><\/a><\/p>\n<p><strong>Izvr\u0161enje planova rada za 2023.god<\/strong><\/p>\n<p>Preuzmi dokument&gt;&gt;&gt;<a href=\"https:\/\/npbanja.com\/wp-content\/uploads\/2024\/06\/Planske_tabele_za_bolnice_31.12.2023..xls\"><span style=\"color: #993366;\">Planske_tabele_za_bolnice_31.12.2023.<\/span><\/a><\/p>\n<p><strong>Izvr\u0161enje planova rada za 2022.god<\/strong><\/p>\n<p>Preuzmi dokument&gt;&gt;&gt;<a href=\"https:\/\/npbanja.com\/wp-content\/uploads\/2023\/04\/Planske_tabele_bolnice_Izvrsenje_2022_08022023.xlsx\"><span style=\"color: #993366;\">Planske_tabele_bolnice_Izvr\u0161enje_2022_08022023<\/span><\/a><\/p>\n<p><strong>Izvr\u0161enje planova rada za 2021.god<\/strong><\/p>\n<p>Preuzmi dokument&gt;&gt;&gt;<span style=\"color: #993366;\"><a style=\"color: #993366;\" href=\"https:\/\/npbanja.rs\/wp-content\/uploads\/2022\/03\/SB_NP_Planske_tabele_bolnice_Izvr\u0161enje_2021_-1.xlsx\">SB_NP_Planske_tabele_bolnice_Izvr\u0161enje_2021_ (1)<\/a><\/span><\/p>\n<p><strong>Izvr\u0161enje planova rada za 2020.god<\/strong><\/p>\n<p>Preuzmi dokument&gt;&gt;&gt;<span style=\"color: #993366;\"><a style=\"color: #993366;\" href=\"https:\/\/npbanja.rs\/wp-content\/uploads\/2021\/03\/NP_BANJA_Planske_tabele_bolnice_izvrsenje_2020-1.xlsx\">NP_BANJA_Planske_tabele_bolnice_izvrsenje_2020 (1)<\/a><\/span><\/p>\n","protected":false},"excerpt":{"rendered":"<p>Izvr\u0161enje planova rada za 2025.god Preuzmi dokument&gt;&gt;&gt;Planske_tabele_za_izvr\u0161enje_4_kvartal_bolnice_2025 Izvr\u0161enje planova rada za 2024.god Preuzmi dokument&gt;&gt;&gt;Planske_tabele_za_bolnice_ januar &#8211; decembar 2024 Izvr\u0161enje planova rada za 2023.god Preuzmi dokument&gt;&gt;&gt;Planske_tabele_za_bolnice_31.12.2023. Izvr\u0161enje planova rada za 2022.god Preuzmi dokument&gt;&gt;&gt;Planske_tabele_bolnice_Izvr\u0161enje_2022_08022023 Izvr\u0161enje planova rada za 2021.god Preuzmi dokument&gt;&gt;&gt;SB_NP_Planske_tabele_bolnice_Izvr\u0161enje_2021_ (1) Izvr\u0161enje planova rada za 2020.god Preuzmi dokument&gt;&gt;&gt;NP_BANJA_Planske_tabele_bolnice_izvrsenje_2020 (1)<\/p>\n","protected":false},"author":1,"featured_media":0,"parent":0,"menu_order":0,"comment_status":"closed","ping_status":"closed","template":"","meta":[],"_links":{"self":[{"href":"https:\/\/npbanja.com\/index.php\/wp-json\/wp\/v2\/pages\/227"}],"collection":[{"href":"https:\/\/npbanja.com\/index.php\/wp-json\/wp\/v2\/pages"}],"about":[{"href":"https:\/\/npbanja.com\/index.php\/wp-json\/wp\/v2\/types\/page"}],"author":[{"embeddable":true,"href":"https:\/\/npbanja.com\/index.php\/wp-json\/wp\/v2\/users\/1"}],"replies":[{"embeddable":true,"href":"https:\/\/npbanja.com\/index.php\/wp-json\/wp\/v2\/comments?post=227"}],"version-history":[{"count":9,"href":"https:\/\/npbanja.com\/index.php\/wp-json\/wp\/v2\/pages\/227\/revisions"}],"predecessor-version":[{"id":3657,"href":"https:\/\/npbanja.com\/index.php\/wp-json\/wp\/v2\/pages\/227\/revisions\/3657"}],"wp:attachment":[{"href":"https:\/\/npbanja.com\/index.php\/wp-json\/wp\/v2\/media?parent=227"}],"curies":[{"name":"wp","href":"https:\/\/api.w.org\/{rel}","templated":true}]}}