{"id":143,"date":"2016-09-24T01:55:05","date_gmt":"2016-09-24T01:55:05","guid":{"rendered":"http:\/\/sw-themes.com\/porto_dummy\/?page_id=143"},"modified":"2023-11-27T06:01:13","modified_gmt":"2023-11-27T06:01:13","slug":"home","status":"publish","type":"page","link":"https:\/\/npbanja.com\/","title":{"rendered":"Home"},"content":{"rendered":"<p>[vc_row gap=&#8221;1&#8243; wrap_container=&#8221;yes&#8221; el_class=&#8221;medical-schedules&#8221;][vc_column el_class=&#8221;box-one background-color-primary&#8221; animation_type=&#8221;fadeInLeft&#8221; offset=&#8221;vc_col-md-3&#8243;]<div class=\"porto-feature-box wpb_content_element  p-md m-b-none\"><div class=\"feature-box feature-box-style-2\"><div class=\"feature-box-icon\"><i class=\"icon-image\" style=\"font-size:14px\"><img alt=\"\" src=\"\/\/npbanja.com\/wp-content\/uploads\/2018\/11\/logo-solo-manji.png\"><\/i><\/div><div class=\"feature-box-info\">[vc_custom_heading text=&#8221;Novopazarska banja&#8221; font_container=&#8221;tag:h4|text_align:left|color:%23ffffff&#8221; use_theme_fonts=&#8221;yes&#8221; el_class=&#8221;m-n font-weight-normal&#8221;]<\/div><\/div><\/div>[\/vc_column][vc_column section_text_color=&#8221;light&#8221; animation_delay=&#8221;600&#8243; el_class=&#8221;box-two background-color-primary&#8221; animation_type=&#8221;fadeInLeft&#8221; offset=&#8221;vc_col-md-3&#8243;][vc_column_text css_animation=&#8221;fadeInLeft&#8221; el_class=&#8221;m-n font-weight-normal&#8221;]<\/p>\n<ul>\n<li>Uz na\u0161 tretman i lekovitu vodu do va\u0161eg zdravlja<\/li>\n<li>Dobrodo\u0161li&#8230;<\/li>\n<\/ul>\n<p>[\/vc_column_text][\/vc_column][vc_column animation_delay=&#8221;1200&#8243; el_class=&#8221;box-three background-color-primary&#8221; animation_type=&#8221;fadeInLeft&#8221; offset=&#8221;vc_col-md-3&#8243;][vc_raw_html el_class=&#8221;m-b-none&#8221;]JTNDZGl2JTIwY2xhc3MlM0QlMjJleHBhbmRlZC1pbmZvJTIwYmFja2dyb3VuZC1jb2xvci1wcmltYXJ5JTIyJTNFJTBBJTIwJTIwJTIwJTIwJTNDZGl2JTIwY2xhc3MlM0QlMjJpbmZvJTIwY3VzdG9tLWluZm8lMjIlM0UlMEElMjAlMjAlMjAlMjAlMjAlMjAlMjAlMjAlM0NzcGFuJTNFJTNDJTJGc3BhbiUzRSUwQSUyMCUyMCUyMCUyMCUyMCUyMCUyMCUyMCUzQ3NwYW4lM0UlMjBvZCUyMDA3JTNBMzAlMjBkbyUyMDEwJTNBMDAlM0MlMkZzcGFuJTNFJTBBJTIwJTIwJTIwJTIwJTNDJTJGZGl2JTNFJTBBJTIwJTIwJTIwJTIwJTNDZGl2JTIwY2xhc3MlM0QlMjJpbmZvJTIwY3VzdG9tLWluZm8lMjIlM0UlMEElMjAlMjAlMjAlMjAlMjAlMjAlMjAlMjAlM0NzcGFuJTNFU3Vib3RhJTNDJTJGc3BhbiUzRSUwQSUyMCUyMCUyMCUyMCUyMCUyMCUyMCUyMCUzQ3NwYW4lM0VvZCUyMCUyMGRvJTIwJTNDJTJGc3BhbiUzRSUwQSUyMCUyMCUyMCUyMCUzQyUyRmRpdiUzRSUwQSUyMCUyMCUyMCUyMCUzQ2RpdiUyMGNsYXNzJTNEJTIyaW5mbyUyMGN1c3RvbS1pbmZvJTIyJTNFJTBBJTIwJTIwJTIwJTIwJTIwJTIwJTIwJTIwJTNDc3BhbiUzRU5lZGVsamElM0MlMkZzcGFuJTNFJTBBJTIwJTIwJTIwJTIwJTIwJTIwJTIwJTIwJTNDc3BhbiUzRW9kJTIwZG8lM0MlMkZzcGFuJTNFJTBBJTIwJTIwJTIwJTIwJTNDJTJGZGl2JTNFJTBBJTNDJTJGZGl2JTNFJTBBJTNDaDUlMjBjbGFzcyUzRCUyMm0tbiUyMHRleHQtdXBwZXJjYXNlJTIyJTNFJTBBJTIwJTIwJTIwVGVybWluaSUwQSUyMCUyMCUyMCUyMCUzQ2klMjBjbGFzcyUzRCUyMlNpbXBsZS1MaW5lLUljb25zLWFycm93LXJpZ2h0LWNpcmNsZSUyMiUzRSUzQyUyRmklM0UlMEElM0MlMkZoNSUzRQ==[\/vc_raw_html][\/vc_column][vc_column animation_delay=&#8221;1800&#8243; el_class=&#8221;box-four background-color-primary&#8221; animation_type=&#8221;fadeInLeft&#8221; offset=&#8221;vc_col-md-3&#8243; css=&#8221;.vc_custom_1542844296586{background-color: #8224e3 !important;}&#8221;]<div class=\"porto-feature-box wpb_content_element  m-b-none\"><div class=\"feature-box feature-box-style-2\"><div class=\"feature-box-icon\"><i class=\"Simple-Line-Icons-call-out\" style=\"font-size:28px\"><\/i><\/div><div class=\"feature-box-info\"><\/div><\/div><\/div>[vc_column_text]<\/p>\n<ul>\n<li><strong>Tel:<\/strong> (020) 371-559<\/li>\n<li><label class=\"font-weight-light\"><strong>De\u017eurni tel:<\/strong>\u00a0<\/label>(020)371-623<\/li>\n<li><strong>e-mail:<\/strong> <a href=\"mailto:npbanja@npbanja.rs\" target=\"_blank\" rel=\"noopener\">npbanja@npbanja.rs<\/a><\/li>\n<\/ul>\n<p>[\/vc_column_text][\/vc_column][\/vc_row][vc_row wrap_container=&#8221;yes&#8221; is_section=&#8221;yes&#8221; section_skin=&#8221;parallax&#8221; remove_margin_top=&#8221;yes&#8221; remove_margin_bottom=&#8221;yes&#8221; remove_border=&#8221;yes&#8221;][vc_column width=&#8221;1\/2&#8243; offset=&#8221;vc_col-md-8&#8243;][vc_single_image image=&#8221;2699&#8243; img_size=&#8221;full&#8221; alignment=&#8221;center&#8221; onclick=&#8221;custom_link&#8221; title=&#8221;Imuniz\u0430ci\u0458\u0430 pr\u043etiv \u043eb\u043elj\u0435nj\u0430 iz\u0430zv\u0430nih hum\u0430nim p\u0430pil\u043em\u0430 virusim\u0430 (HPV)&#8221; link=&#8221;https:\/\/www.batut.org.rs\/index.php?content=2383&#8243;][vc_single_image image=&#8221;2546&#8243; img_size=&#8221;full&#8221; onclick=&#8221;custom_link&#8221; title=&#8221;Aplikacija za onkolo\u0161ke pacijente i zdravstvene ustanove &#8211; informi\u0161ite se na www.onko.rs&#8221; link=&#8221;https:\/\/onko.rs\/&#8221;][\/vc_column][\/vc_row][vc_row wrap_container=&#8221;yes&#8221; is_section=&#8221;yes&#8221; remove_margin_top=&#8221;yes&#8221; remove_margin_bottom=&#8221;yes&#8221; remove_border=&#8221;yes&#8221;][vc_column][vc_custom_heading text=&#8221;Odeljenja&#8221; use_theme_fonts=&#8221;yes&#8221; el_class=&#8221;m-b-xs m-t-md&#8221;][vc_column_text el_class=&#8221;lead m-b-xl&#8221;].[\/vc_column_text][vc_row_inner][vc_column_inner width=&#8221;1\/3&#8243;]<div class=\"porto-feature-box wpb_content_element  m-b-xl\" data-appear-animation=\"fadeInUp\"><div class=\"feature-box feature-box-style-2\"><div class=\"feature-box-icon\"><i class=\"icon-image\" style=\"font-size:14px\"><img alt=\"\" src=\"\/\/npbanja.com\/wp-content\/uploads\/2018\/11\/reumatologija.jpg\"><\/i><\/div><div class=\"feature-box-info\">[vc_custom_heading text=&#8221;Odelenje za rehabilitaciju reumatskih bolesti&#8221; font_container=&#8221;tag:h4|text_align:left&#8221; use_theme_fonts=&#8221;yes&#8221; skin=&#8221;primary&#8221; el_class=&#8221;font-weight-semibold&#8221; link=&#8221;url:http%3A%2F%2Fsw-themes.com%2Fporto_dummy%2Fdepartments%2Fcardiology%2F|||&#8221;][vc_column_text].[\/vc_column_text]<\/div><\/div><\/div>[\/vc_column_inner][vc_column_inner width=&#8221;1\/3&#8243;]<div class=\"porto-feature-box wpb_content_element  m-b-xl\" data-appear-animation=\"fadeInUp\"><div class=\"feature-box feature-box-style-2\"><div class=\"feature-box-icon\"><i class=\"icon-image\" style=\"font-size:14px\"><img alt=\"\" src=\"\/\/npbanja.com\/wp-content\/uploads\/2018\/11\/deca.jpg\"><\/i><\/div><div class=\"feature-box-info\">[vc_custom_heading text=&#8221;Odeljenje za rehabilitaciju dece&#8221; font_container=&#8221;tag:h4|text_align:left&#8221; use_theme_fonts=&#8221;yes&#8221; skin=&#8221;primary&#8221; el_class=&#8221;font-weight-semibold&#8221; link=&#8221;url:http%3A%2F%2Fsw-themes.com%2Fporto_dummy%2Fdepartments%2Fgastroenterology%2F|||&#8221;][vc_column_text].[\/vc_column_text]<\/div><\/div><\/div>[\/vc_column_inner][vc_column_inner width=&#8221;1\/3&#8243;]<div class=\"porto-feature-box wpb_content_element  m-b-xl\" data-appear-animation=\"fadeInUp\"><div class=\"feature-box feature-box-style-2\"><div class=\"feature-box-icon\"><i class=\"icon-image\" style=\"font-size:14px\"><img alt=\"\" src=\"\/\/npbanja.com\/wp-content\/uploads\/2018\/11\/cerebro-vask.jpg\"><\/i><\/div><div class=\"feature-box-info\">[vc_custom_heading text=&#8221;Odeljenje za rehabilitaciju pacijenata za cerebro-vaskularne bolesti&#8221; font_container=&#8221;tag:h4|text_align:left&#8221; use_theme_fonts=&#8221;yes&#8221; skin=&#8221;primary&#8221; el_class=&#8221;font-weight-semibold&#8221; link=&#8221;url:http%3A%2F%2Fsw-themes.com%2Fporto_dummy%2Fdepartments%2Fpulmonology%2F|||&#8221;][vc_column_text]..[\/vc_column_text]<\/div><\/div><\/div>[\/vc_column_inner][\/vc_row_inner][vc_row_inner][vc_column_inner width=&#8221;1\/3&#8243;]<div class=\"porto-feature-box wpb_content_element  m-b-xl\" data-appear-animation=\"fadeInUp\"><div class=\"feature-box feature-box-style-2\"><div class=\"feature-box-icon\"><i class=\"icon-image\" style=\"font-size:14px\"><img alt=\"\" src=\"\/\/npbanja.com\/wp-content\/uploads\/2018\/11\/ortopedskih-1.jpg\"><\/i><\/div><div class=\"feature-box-info\">[vc_custom_heading text=&#8221;Odeljenje za rehabilitaciju ortopedskih pacijenata&#8221; font_container=&#8221;tag:h4|text_align:left&#8221; use_theme_fonts=&#8221;yes&#8221; skin=&#8221;primary&#8221; el_class=&#8221;font-weight-semibold&#8221; link=&#8221;url:http%3A%2F%2Fsw-themes.com%2Fporto_dummy%2Fdepartments%2Fdental%2F|||&#8221;][vc_column_text].[\/vc_column_text]<\/div><\/div><\/div>[\/vc_column_inner][vc_column_inner width=&#8221;1\/3&#8243;]<div class=\"porto-feature-box wpb_content_element  m-b-xl\" data-appear-animation=\"fadeInUp\"><div class=\"feature-box feature-box-style-2\"><div class=\"feature-box-icon\"><i class=\"icon-image\" style=\"font-size:14px\"><img alt=\"\" src=\"\/\/npbanja.com\/wp-content\/uploads\/2018\/11\/reumatizam.jpg\"><\/i><\/div><div class=\"feature-box-info\">[vc_custom_heading text=&#8221;Odeljenje za rehabilitaciju pacijenata sa degenerativnim reumatizmom&#8221; font_container=&#8221;tag:h4|text_align:left&#8221; use_theme_fonts=&#8221;yes&#8221; skin=&#8221;primary&#8221; el_class=&#8221;font-weight-semibold&#8221; link=&#8221;url:http%3A%2F%2Fsw-themes.com%2Fporto_dummy%2Fdepartments%2Fgynecology%2F|||&#8221;][vc_column_text].[\/vc_column_text]<\/div><\/div><\/div>[\/vc_column_inner][vc_column_inner width=&#8221;1\/3&#8243;]<div class=\"porto-feature-box wpb_content_element  m-b-xl\" data-appear-animation=\"fadeInUp\"><div class=\"feature-box feature-box-style-2\"><div class=\"feature-box-icon\"><i class=\"icon-image\" style=\"font-size:14px\"><img alt=\"\" src=\"\/\/npbanja.com\/wp-content\/uploads\/2018\/11\/nurolo.jpg\"><\/i><\/div><div class=\"feature-box-info\">[vc_custom_heading text=&#8221;odeljenje za rehabilitaciju neurolo\u0161kih pacijenata&#8221; font_container=&#8221;tag:h4|text_align:left&#8221; use_theme_fonts=&#8221;yes&#8221; skin=&#8221;primary&#8221; el_class=&#8221;font-weight-semibold&#8221; link=&#8221;url:http%3A%2F%2Fsw-themes.com%2Fporto_dummy%2Fdepartments%2Fhepatology%2F|||&#8221;][vc_column_text].[\/vc_column_text]<\/div><\/div><\/div>[\/vc_column_inner][\/vc_row_inner][vc_btn title=&#8221;Op\u0161irnije&#8221; style=&#8221;outline&#8221; shape=&#8221;round&#8221; align=&#8221;center&#8221; skin=&#8221;quaternary&#8221; link=&#8221;url:http%3A%2F%2Fwww.o%2Fmedical|||&#8221; el_class=&#8221;font-weight-bold text-uppercase custom-button m-t-md&#8221;][\/vc_column][\/vc_row][vc_row wrap_container=&#8221;yes&#8221; is_section=&#8221;yes&#8221; remove_margin_top=&#8221;yes&#8221; remove_margin_bottom=&#8221;yes&#8221;][vc_column][vc_custom_heading text=&#8221;Resursi&#8221; use_theme_fonts=&#8221;yes&#8221; el_class=&#8221;m-b-xs m-t-md&#8221;][vc_row_inner][vc_column_inner width=&#8221;1\/3&#8243;]<div class=\"porto-image-frame  thumb-info-custom\"><span class=\"thumb-info thumb-info-hide-wrapper-bg thumb-info-no-zoom thumb-info-side-image thumb-info-no-zoom thumb-info-centered-icons thumb-info-no-borders thumb-info-box-shadow\"><a href=\"http:\/\/sw-themes.com\/porto_dummy%2br%20\/Fresources\/prepare-for-visit\/\" title=\"\" target=\"_self\"><span class=\"thumb-info-side-image-wrapper\"><img alt=\"\" src=\"\/\/sw-themes.com\/porto_dummy\/wp-content\/uploads\/images\/medical\/gallery-2.jpg\" class=\"img-responsive\"><\/span><\/a><span class=\"thumb-info-caption\"><span class=\"thumb-info-caption-text\"><h5 class=\"font-weight-semibold m-b-xs\">Aparatura<\/h5>Aparatura<\/span><\/span><\/span><\/div>[\/vc_column_inner][vc_column_inner width=&#8221;1\/3&#8243;]<div class=\"porto-image-frame  thumb-info-custom\"><span class=\"thumb-info thumb-info-hide-wrapper-bg thumb-info-no-zoom thumb-info-side-image thumb-info-no-zoom thumb-info-centered-icons thumb-info-no-borders thumb-info-box-shadow\"><a href=\"http:\/\/sw-themes.com\/porto_dummy\/resources\/surgery-proccess\/\" title=\"\" target=\"_self\"><span class=\"thumb-info-side-image-wrapper\"><img alt=\"\" src=\"\/\/sw-themes.com\/porto_dummy\/wp-content\/uploads\/images\/medical\/gallery-3.jpg\" class=\"img-responsive\"><\/span><\/a><span class=\"thumb-info-caption\"><span class=\"thumb-info-caption-text\"><h5 class=\"font-weight-semibold m-b-xs\">Zaposleni<\/h5>zaposleni<\/span><\/span><\/span><\/div>[\/vc_column_inner][vc_column_inner width=&#8221;1\/3&#8243;]<div class=\"porto-image-frame  thumb-info-custom\"><span class=\"thumb-info thumb-info-hide-wrapper-bg thumb-info-no-zoom thumb-info-side-image thumb-info-no-zoom thumb-info-centered-icons thumb-info-no-borders thumb-info-box-shadow\"><a href=\"http:\/\/sw-themes.com\/porto_dummy\/resources\/patients\/\" title=\"\" target=\"_self\"><span class=\"thumb-info-side-image-wrapper\"><img alt=\"\" src=\"\/\/sw-themes.com\/porto_dummy\/wp-content\/uploads\/images\/medical\/gallery-4.jpg\" class=\"img-responsive\"><\/span><\/a><span class=\"thumb-info-caption\"><span class=\"thumb-info-caption-text\"><h5 class=\"font-weight-semibold m-b-xs\">Terapije<\/h5>Terapije<\/span><\/span><\/span><\/div>[\/vc_column_inner][\/vc_row_inner][vc_btn title=&#8221;Op\u0161irnije&#8221; style=&#8221;outline&#8221; shape=&#8221;round&#8221; align=&#8221;center&#8221; skin=&#8221;quaternary&#8221; link=&#8221;url:http%3A%2F%2Fwww.portothem|||&#8221; el_class=&#8221;font-weight-bold text-uppercase custom-button&#8221;][\/vc_column][\/vc_row][vc_row][vc_column]<div class=\"porto-container container \"><\/div>[\/vc_column][\/vc_row][vc_row][vc_column][vc_wp_meta][\/vc_column][\/vc_row]<\/p>\n","protected":false},"excerpt":{"rendered":"<p>[vc_row gap=&#8221;1&#8243; wrap_container=&#8221;yes&#8221; el_class=&#8221;medical-schedules&#8221;][vc_column el_class=&#8221;box-one background-color-primary&#8221; animation_type=&#8221;fadeInLeft&#8221; offset=&#8221;vc_col-md-3&#8243;][\/vc_column][vc_column section_text_color=&#8221;light&#8221; animation_delay=&#8221;600&#8243; el_class=&#8221;box-two background-color-primary&#8221; animation_type=&#8221;fadeInLeft&#8221; offset=&#8221;vc_col-md-3&#8243;][vc_column_text css_animation=&#8221;fadeInLeft&#8221; el_class=&#8221;m-n font-weight-normal&#8221;] Uz na\u0161 tretman i lekovitu vodu do va\u0161eg zdravlja Dobrodo\u0161li&#8230; [\/vc_column_text][\/vc_column][vc_column animation_delay=&#8221;1200&#8243; el_class=&#8221;box-three background-color-primary&#8221; animation_type=&#8221;fadeInLeft&#8221; offset=&#8221;vc_col-md-3&#8243;][vc_raw_html el_class=&#8221;m-b-none&#8221;]JTNDZGl2JTIwY2xhc3MlM0QlMjJleHBhbmRlZC1pbmZvJTIwYmFja2dyb3VuZC1jb2xvci1wcmltYXJ5JTIyJTNFJTBBJTIwJTIwJTIwJTIwJTNDZGl2JTIwY2xhc3MlM0QlMjJpbmZvJTIwY3VzdG9tLWluZm8lMjIlM0UlMEElMjAlMjAlMjAlMjAlMjAlMjAlMjAlMjAlM0NzcGFuJTNFJTNDJTJGc3BhbiUzRSUwQSUyMCUyMCUyMCUyMCUyMCUyMCUyMCUyMCUzQ3NwYW4lM0UlMjBvZCUyMDA3JTNBMzAlMjBkbyUyMDEwJTNBMDAlM0MlMkZzcGFuJTNFJTBBJTIwJTIwJTIwJTIwJTNDJTJGZGl2JTNFJTBBJTIwJTIwJTIwJTIwJTNDZGl2JTIwY2xhc3MlM0QlMjJpbmZvJTIwY3VzdG9tLWluZm8lMjIlM0UlMEElMjAlMjAlMjAlMjAlMjAlMjAlMjAlMjAlM0NzcGFuJTNFU3Vib3RhJTNDJTJGc3BhbiUzRSUwQSUyMCUyMCUyMCUyMCUyMCUyMCUyMCUyMCUzQ3NwYW4lM0VvZCUyMCUyMGRvJTIwJTNDJTJGc3BhbiUzRSUwQSUyMCUyMCUyMCUyMCUzQyUyRmRpdiUzRSUwQSUyMCUyMCUyMCUyMCUzQ2RpdiUyMGNsYXNzJTNEJTIyaW5mbyUyMGN1c3RvbS1pbmZvJTIyJTNFJTBBJTIwJTIwJTIwJTIwJTIwJTIwJTIwJTIwJTNDc3BhbiUzRU5lZGVsamElM0MlMkZzcGFuJTNFJTBBJTIwJTIwJTIwJTIwJTIwJTIwJTIwJTIwJTNDc3BhbiUzRW9kJTIwZG8lM0MlMkZzcGFuJTNFJTBBJTIwJTIwJTIwJTIwJTNDJTJGZGl2JTNFJTBBJTNDJTJGZGl2JTNFJTBBJTNDaDUlMjBjbGFzcyUzRCUyMm0tbiUyMHRleHQtdXBwZXJjYXNlJTIyJTNFJTBBJTIwJTIwJTIwVGVybWluaSUwQSUyMCUyMCUyMCUyMCUzQ2klMjBjbGFzcyUzRCUyMlNpbXBsZS1MaW5lLUljb25zLWFycm93LXJpZ2h0LWNpcmNsZSUyMiUzRSUzQyUyRmklM0UlMEElM0MlMkZoNSUzRQ==[\/vc_raw_html][\/vc_column][vc_column animation_delay=&#8221;1800&#8243; el_class=&#8221;box-four background-color-primary&#8221; animation_type=&#8221;fadeInLeft&#8221; offset=&#8221;vc_col-md-3&#8243; css=&#8221;.vc_custom_1542844296586{background-color: #8224e3 !important;}&#8221;][vc_column_text] Tel: (020) 371-559 De\u017eurni tel:\u00a0(020)371-623 e-mail: npbanja@npbanja.rs [\/vc_column_text][\/vc_column][\/vc_row][vc_row wrap_container=&#8221;yes&#8221; is_section=&#8221;yes&#8221; section_skin=&#8221;parallax&#8221; remove_margin_top=&#8221;yes&#8221; remove_margin_bottom=&#8221;yes&#8221; [&hellip;]<\/p>\n","protected":false},"author":1,"featured_media":0,"parent":0,"menu_order":0,"comment_status":"closed","ping_status":"closed","template":"","meta":[],"_links":{"self":[{"href":"https:\/\/npbanja.com\/index.php\/wp-json\/wp\/v2\/pages\/143"}],"collection":[{"href":"https:\/\/npbanja.com\/index.php\/wp-json\/wp\/v2\/pages"}],"about":[{"href":"https:\/\/npbanja.com\/index.php\/wp-json\/wp\/v2\/types\/page"}],"author":[{"embeddable":true,"href":"https:\/\/npbanja.com\/index.php\/wp-json\/wp\/v2\/users\/1"}],"replies":[{"embeddable":true,"href":"https:\/\/npbanja.com\/index.php\/wp-json\/wp\/v2\/comments?post=143"}],"version-history":[{"count":88,"href":"https:\/\/npbanja.com\/index.php\/wp-json\/wp\/v2\/pages\/143\/revisions"}],"predecessor-version":[{"id":2545,"href":"https:\/\/npbanja.com\/index.php\/wp-json\/wp\/v2\/pages\/143\/revisions\/2545"}],"wp:attachment":[{"href":"https:\/\/npbanja.com\/index.php\/wp-json\/wp\/v2\/media?parent=143"}],"curies":[{"name":"wp","href":"https:\/\/api.w.org\/{rel}","templated":true}]}}