{"id":13,"date":"2016-09-26T02:10:36","date_gmt":"2016-09-26T02:10:36","guid":{"rendered":"http:\/\/sw-themes.com\/porto_dummy\/?page_id=13"},"modified":"2018-11-22T21:50:14","modified_gmt":"2018-11-22T21:50:14","slug":"menadzment","status":"publish","type":"page","link":"https:\/\/npbanja.com\/index.php\/o-nama\/menadzment\/","title":{"rendered":"Menad\u017ement"},"content":{"rendered":"<p style=\"text-align: center;\"><strong>VD direktor<\/strong><\/p>\n<p style=\"text-align: center;\">dr Sonja Radetinac-fizijatar<\/p>\n<p style=\"text-align: center;\">\n<p style=\"text-align: center;\"><strong>Pomocnik direktora za opte, kadrovske i pravne poslove<\/strong><\/p>\n<p style=\"text-align: center;\">diplomirani pravnik\u00a0 Ersin Hasanovic<\/p>\n<p style=\"text-align: center;\">\n<p style=\"text-align: center;\"><strong>Pomo\u010dnik direktora za finansijske poslove<\/strong><\/p>\n<p style=\"text-align: center;\">dipl. ekonomista\u00a0 Dragan \u0106ur\u010di\u0107<\/p>\n<p style=\"text-align: center;\">\n<p style=\"text-align: center;\"><strong>Glavna sestra bolnice<\/strong><\/p>\n<p style=\"text-align: center;\">vi\u0161a med. sestra \u00a0Miljana Kova\u010devi\u0107<\/p>\n","protected":false},"excerpt":{"rendered":"<p>VD direktor dr Sonja Radetinac-fizijatar Pomocnik direktora za opte, kadrovske i pravne poslove diplomirani pravnik\u00a0 Ersin Hasanovic Pomo\u010dnik direktora za finansijske poslove dipl. ekonomista\u00a0 Dragan \u0106ur\u010di\u0107 Glavna sestra bolnice vi\u0161a med. sestra \u00a0Miljana Kova\u010devi\u0107<\/p>\n","protected":false},"author":1,"featured_media":0,"parent":171,"menu_order":0,"comment_status":"closed","ping_status":"closed","template":"","meta":[],"_links":{"self":[{"href":"https:\/\/npbanja.com\/index.php\/wp-json\/wp\/v2\/pages\/13"}],"collection":[{"href":"https:\/\/npbanja.com\/index.php\/wp-json\/wp\/v2\/pages"}],"about":[{"href":"https:\/\/npbanja.com\/index.php\/wp-json\/wp\/v2\/types\/page"}],"author":[{"embeddable":true,"href":"https:\/\/npbanja.com\/index.php\/wp-json\/wp\/v2\/users\/1"}],"replies":[{"embeddable":true,"href":"https:\/\/npbanja.com\/index.php\/wp-json\/wp\/v2\/comments?post=13"}],"version-history":[{"count":2,"href":"https:\/\/npbanja.com\/index.php\/wp-json\/wp\/v2\/pages\/13\/revisions"}],"predecessor-version":[{"id":390,"href":"https:\/\/npbanja.com\/index.php\/wp-json\/wp\/v2\/pages\/13\/revisions\/390"}],"up":[{"embeddable":true,"href":"https:\/\/npbanja.com\/index.php\/wp-json\/wp\/v2\/pages\/171"}],"wp:attachment":[{"href":"https:\/\/npbanja.com\/index.php\/wp-json\/wp\/v2\/media?parent=13"}],"curies":[{"name":"wp","href":"https:\/\/api.w.org\/{rel}","templated":true}]}}